{"id":415,"date":"2020-09-07T10:22:36","date_gmt":"2020-09-07T08:22:36","guid":{"rendered":"https:\/\/www.sanquirino.info\/eventi\/il-servizio-per-te\/pre-post-scuola-e-centri-estivi\/"},"modified":"2022-07-19T08:44:19","modified_gmt":"2022-07-19T06:44:19","slug":"pre-post-scuola-e-centri-estivi","status":"publish","type":"page","link":"https:\/\/www.sanquirino.info\/eventi\/il-servizio-per-te\/pre-post-scuola-e-centri-estivi\/","title":{"rendered":"Pre\/Post Scuola e Centri Estivi"},"content":{"rendered":"\n<h3>Pre\/Post Scuola e Centri Estivi<\/h3>\n\n\n\n<p>Il Comune di San Quirino garantisce servizi molto importanti quali il PRE E DOPOSCUOLA nella Scuola primaria e secondaria di primo grado. Questo servizio ha una funzione socio-educativa e si inserisce in una politica di sostegno alle famiglie e di interventi volti a concorrere all&#8217;effettiva attuazione del diritto allo studio. <\/p>\n\n\n\n<p>PRE E DOPOSCUOLA<\/p>\n\n\n\n<p>Il servizio di pre e post scuola viene affidato a soggetti esterni, ed \u00e8 svolto da personale qualificato: consiste nell&#8217;<strong>accoglienza, vigilanza, assistenza, aiuto compiti scolastici&nbsp;<\/strong>(anche&nbsp;<strong>approfondimenti individuali&nbsp;<\/strong>in vista degli esami di terza media e approfondimenti per gli alunni di classe quinta per il passaggio alla scuola secondaria),&nbsp;<strong>laboratori di inglese&nbsp;<\/strong>con una docente esperta per gli alunni, nelle&nbsp;<strong>seguenti fasce orarie<\/strong>:<\/p>\n\n\n\n<ul id=\"13\"><li>PRE SCUOLA dalle ore 7.30, tutte le mattine presso i locali della scuola Ugo Foscolo (presso la scuola secondaria di primo grado&nbsp;<em>Colonia Caroja<\/em> il servizio \u00e8 attualmente sospeso per un numero insufficiente di iscritti).<\/li><li>DOPO SCUOLA <strong> <\/strong>\u00e8 attivo presso il centro polifunzionale di Sedrano, dal luned\u00ec al venerd\u00ec. E&#8217; garantito tutti i giorni il trasporto, con lo scuolabus, dalla&nbsp;scuola primaria e secondaria&nbsp;di primo grado alla sede del Doposcuola.<\/li><\/ul>\n\n\n\n<p>ISCRIZIONI<\/p>\n\n\n\n<p>Presso i locali del doposcuola a Sedrano, in via Della Chiesa 25. Entrambi i servizi sono garantiti a partire dal primo giorno di scuola, per tutti i bambini e ragazzi regolarmente iscritti. L\u2019iscrizione \u00e8 aperta anche durante l\u2019anno scolastico.<\/p>\n\n\n\n<p><a href=\"https:\/\/sanquirino.mycity.it\/modulistica\/categorie\/701290\/schede\/862032-pre-post-scuola\" data-type=\"URL\" data-id=\"https:\/\/sanquirino.mycity.it\/modulistica\/categorie\/701290\/schede\/862032-pre-post-scuola\"><strong>INFO E MODULI PRE E DOPO SCUOLA<\/strong><\/a><\/p>\n\n\n\n<p><\/p>\n","protected":false},"excerpt":{"rendered":"<p>Pre\/Post Scuola e Centri Estivi Il Comune di San Quirino garantisce servizi molto importanti quali il PRE E DOPOSCUOLA nella Scuola primaria e secondaria di primo grado. Questo servizio ha una funzione socio-educativa e si inserisce in una politica di sostegno alle famiglie e di interventi volti a concorrere all&#8217;effettiva attuazione del diritto allo studio. [&hellip;]<\/p>\n","protected":false},"author":25,"featured_media":0,"parent":145,"menu_order":26,"comment_status":"closed","ping_status":"closed","template":"","meta":[],"_links":{"self":[{"href":"https:\/\/www.sanquirino.info\/eventi\/wp-json\/wp\/v2\/pages\/415"}],"collection":[{"href":"https:\/\/www.sanquirino.info\/eventi\/wp-json\/wp\/v2\/pages"}],"about":[{"href":"https:\/\/www.sanquirino.info\/eventi\/wp-json\/wp\/v2\/types\/page"}],"author":[{"embeddable":true,"href":"https:\/\/www.sanquirino.info\/eventi\/wp-json\/wp\/v2\/users\/25"}],"replies":[{"embeddable":true,"href":"https:\/\/www.sanquirino.info\/eventi\/wp-json\/wp\/v2\/comments?post=415"}],"version-history":[{"count":7,"href":"https:\/\/www.sanquirino.info\/eventi\/wp-json\/wp\/v2\/pages\/415\/revisions"}],"predecessor-version":[{"id":1065,"href":"https:\/\/www.sanquirino.info\/eventi\/wp-json\/wp\/v2\/pages\/415\/revisions\/1065"}],"up":[{"embeddable":true,"href":"https:\/\/www.sanquirino.info\/eventi\/wp-json\/wp\/v2\/pages\/145"}],"wp:attachment":[{"href":"https:\/\/www.sanquirino.info\/eventi\/wp-json\/wp\/v2\/media?parent=415"}],"curies":[{"name":"wp","href":"https:\/\/api.w.org\/{rel}","templated":true}]}}